{"id":508,"date":"2023-02-01T12:50:40","date_gmt":"2023-02-01T11:50:40","guid":{"rendered":"https:\/\/bodegasforcada.com\/certificate-of-compliance\/"},"modified":"2023-02-27T07:16:13","modified_gmt":"2023-02-27T06:16:13","slug":"certificate-of-compliance","status":"publish","type":"page","link":"https:\/\/bodegasforcada.com\/en\/certificate-of-compliance\/","title":{"rendered":"Certificate of Compliance"},"content":{"rendered":"\n<p>\u2714<\/p>\n\n<p>Certificado de cumplimiento normativo \u200b<\/p>\n\n<p>Certificado de Adecuaci\u00f3n al<em>Reglamento (UE) n\u00fam. 2016\/679,<\/em>del Parlamento Europeo y del Consejo<em>, <\/em>de 27 de abril de 2016, relativo a la protecci\u00f3n de las personas f\u00edsicas en lo que respecta al tratamiento de datos personales y a la libre circulaci\u00f3n de estos datos; a la <em>Ley Org\u00e1nica 3\/2018<\/em>, de 5 de diciembre, de Protecci\u00f3n de Datos Personales y garant\u00eda de los derechos digitales; y a la <em>Ley 34\/2002, de 11 de julio, de Servicios de la Sociedad de la Informaci\u00f3n y de comercio electr\u00f3nico.<\/em><\/p>\n\n<p>Uni\u00f3n de Escuelas de Formaci\u00f3n sl ha prestado sus servicios de adecuaci\u00f3n y dise\u00f1o del Programa de Protecci\u00f3n de Datos a la empresa:<\/p>\n\n<p>BODEGAS FORCADA S.L.<br\/>Como resultado de lo anterior, Uni\u00f3n de Escuelas de Formaci\u00f3n sl declara que:<\/p>\n\n<p>\u2014Se ha realizado una evaluaci\u00f3n de riesgos. El detalle de los escenarios de riesgo detectados y tareas relacionadas est\u00e1 disponible en un completo informe ejecutivo de riesgos.<br\/>\u2014Se ha generado el Registro de Actividades de Tratamiento y documentado todas las actividades que implican un procesamiento de datos.<\/p>\n\n<p>\u2014Se han generado protocolos con descripci\u00f3n de las medidas t\u00e9cnicas, f\u00edsicas, l\u00f3gicas y organizativas espec\u00edficas que debe implementar BODEGAS FORCADA S.L..<br\/>\u2014Se han previsto procedimientos de tutela de derechos de los interesados y un registro de incidencias t\u00e9cnicas as\u00ed como un procedimiento para notificar las violaciones de seguridad. BODEGAS FORCADA S.L. dispone de modelos para responder las peticiones de derechos de los interesados.<\/p>\n\n<p>\u2014Se han identificado los encargados de tratamiento de datos personales y se han generado modelos de contrato <em>ad hoc <\/em>que definen y regulan esa relaci\u00f3n.<br\/>\u2014 BODEGAS FORCADA S.L. dispone de avisos legales, pol\u00edticas de privacidad y formularios de recogida de datos de clientes para garantizar el cumplimiento del deber de informar.<\/p>\n\n<p>\u2014Toda la documentaci\u00f3n se almacena en un entorno cloud seguro donde se mantiene actualizada peri\u00f3dicamente con su correspondiente historial de versiones que permite acreditar, a su vez, un historial de cumplimiento normativo.<\/p>\n\n<p>Certificado por:<\/p>\n\n<p>Santos de la Torre de Juan ( 51935062g) Data Protection officer DPD<br\/>DPD<\/p>\n","protected":false},"excerpt":{"rendered":"<p>\u2714 Certificado de cumplimiento normativo \u200b Certificado de Adecuaci\u00f3n alReglamento (UE) n\u00fam. 2016\/679,del Parlamento Europeo y del Consejo, de 27 de abril de 2016, relativo a la protecci\u00f3n de las personas f\u00edsicas en lo que respecta al tratamiento de datos personales y a la libre circulaci\u00f3n de estos datos; a la Ley Org\u00e1nica 3\/2018, de&hellip;<\/p>\n","protected":false},"author":1,"featured_media":0,"parent":0,"menu_order":0,"comment_status":"closed","ping_status":"closed","template":"","meta":{"_acf_changed":false,"footnotes":""},"class_list":["post-508","page","type-page","status-publish","hentry"],"acf":[],"_links":{"self":[{"href":"https:\/\/bodegasforcada.com\/en\/wp-json\/wp\/v2\/pages\/508","targetHints":{"allow":["GET"]}}],"collection":[{"href":"https:\/\/bodegasforcada.com\/en\/wp-json\/wp\/v2\/pages"}],"about":[{"href":"https:\/\/bodegasforcada.com\/en\/wp-json\/wp\/v2\/types\/page"}],"author":[{"embeddable":true,"href":"https:\/\/bodegasforcada.com\/en\/wp-json\/wp\/v2\/users\/1"}],"replies":[{"embeddable":true,"href":"https:\/\/bodegasforcada.com\/en\/wp-json\/wp\/v2\/comments?post=508"}],"version-history":[{"count":3,"href":"https:\/\/bodegasforcada.com\/en\/wp-json\/wp\/v2\/pages\/508\/revisions"}],"predecessor-version":[{"id":511,"href":"https:\/\/bodegasforcada.com\/en\/wp-json\/wp\/v2\/pages\/508\/revisions\/511"}],"wp:attachment":[{"href":"https:\/\/bodegasforcada.com\/en\/wp-json\/wp\/v2\/media?parent=508"}],"curies":[{"name":"wp","href":"https:\/\/api.w.org\/{rel}","templated":true}]}}