{"id":514,"date":"2023-01-27T04:58:59","date_gmt":"2023-01-27T03:58:59","guid":{"rendered":"https:\/\/bodegasforcada.com\/privacy-policy\/"},"modified":"2023-02-27T07:19:41","modified_gmt":"2023-02-27T06:19:41","slug":"privacy-policy","status":"publish","type":"page","link":"https:\/\/bodegasforcada.com\/en\/privacy-policy\/","title":{"rendered":"Privacy Policy"},"content":{"rendered":"\n<p>\u2714<\/p>\n\n<p>Aviso de privacidad \u200b<\/p>\n\n<p><strong>Informaci\u00f3n de car\u00e1cter general<\/strong><\/p>\n\n<p>Este sitio web es operado por BODEGAS FORCADA S.L.. En este Aviso de Privacidad usted encontrar\u00e1 informaci\u00f3n sobre el manejo de sus datos personales cuando visite el sitio web de BODEGAS FORCADA S.L..<\/p>\n\n<p>Definiciones<\/p>\n\n<p>La declaraci\u00f3n de protecci\u00f3n de datos del BODEGAS FORCADA S.L. se basa en los t\u00e9rminos utilizados por el legislador europeo para la adopci\u00f3n del Reglamento General de Protecci\u00f3n de Datos (RGPD). Nuestra declaraci\u00f3n de protecci\u00f3n de datos debe ser legible y comprensible para el p\u00fablico en general, as\u00ed como para nuestros clientes y socios comerciales. Para asegurarnos de ello, nos gustar\u00eda explicar primero la terminolog\u00eda utilizada.<\/p>\n\n<p>En esta declaraci\u00f3n de protecci\u00f3n de datos, utilizamos, entre otros, los siguientes t\u00e9rminos:<\/p>\n\n<p>a) Datos personales<br\/>Por datos personales se entiende cualquier informaci\u00f3n relativa a una persona f\u00edsica identificada o identificable (&#8220;interesado&#8221;). Una persona f\u00edsica identificable es aquella que puede ser identificada, directa o indirectamente, en particular mediante un identificador como un nombre, un n\u00famero de identificaci\u00f3n, datos de localizaci\u00f3n, un identificador en l\u00ednea o uno o varios factores espec\u00edficos de la identidad f\u00edsica, fisiol\u00f3gica, gen\u00e9tica, mental, econ\u00f3mica, cultural o social de dicha persona f\u00edsica.<\/p>\n\n<p>b) Titular de los datos<br\/>El interesado es toda persona f\u00edsica identificada o identificable, cuyos datos personales son tratados por el responsable del tratamiento.<\/p>\n\n<p>c) Procesamiento<br\/>El tratamiento es cualquier operaci\u00f3n o conjunto de operaciones que se realice sobre datos personales o sobre conjuntos de datos personales, ya sea por medios automatizados o no, como la recogida, registro, organizaci\u00f3n, estructuraci\u00f3n, almacenamiento, adaptaci\u00f3n o alteraci\u00f3n, recuperaci\u00f3n, consulta, utilizaci\u00f3n, divulgaci\u00f3n por transmisi\u00f3n, difusi\u00f3n o cualquier otra forma de puesta a disposici\u00f3n, ajuste o combinaci\u00f3n, restricci\u00f3n, supresi\u00f3n o destrucci\u00f3n.<\/p>\n\n<p>d) Restricci\u00f3n de la transformaci\u00f3n<br\/>La restricci\u00f3n del tratamiento es la marcaci\u00f3n de los datos personales almacenados con el fin de limitar su tratamiento en el futuro.<\/p>\n\n<p>e) Elaboraci\u00f3n de perfiles<br\/>Por perfil se entiende cualquier forma de tratamiento automatizado de datos personales consistente en la utilizaci\u00f3n de datos personales para evaluar determinados aspectos de la personalidad de una persona f\u00edsica, en particular para analizar o predecir aspectos relativos al rendimiento laboral, la situaci\u00f3n econ\u00f3mica, la salud, las preferencias personales, los intereses, la fiabilidad, el comportamiento, la ubicaci\u00f3n o los movimientos de dicha persona f\u00edsica.<\/p>\n\n<p>f) Pseudonimizaci\u00f3n<br\/>La seudonimizaci\u00f3n es el tratamiento de datos personales de tal manera que los datos personales ya no puedan atribuirse a un interesado espec\u00edfico sin el uso de informaci\u00f3n adicional, siempre que dicha informaci\u00f3n adicional se mantenga por separado y est\u00e9 sujeta a medidas t\u00e9cnicas y organizativas para garantizar que los datos personales no se atribuyan a una persona f\u00edsica identificada o identificable.<\/p>\n\n<p>g) Responsable o responsable del tratamiento<br\/>El responsable del tratamiento es la persona f\u00edsica o jur\u00eddica, la autoridad p\u00fablica, el organismo o cualquier otro organismo que, por s\u00ed solo o en colaboraci\u00f3n con otros, determine los fines y los medios del tratamiento de datos personales; cuando los fines y los medios de dicho tratamiento est\u00e9n determinados por la legislaci\u00f3n de la Uni\u00f3n o de un Estado miembro, el Derecho de la Uni\u00f3n o de un Estado miembro podr\u00e1 establecer el responsable del tratamiento o los criterios espec\u00edficos para su designaci\u00f3n.<\/p>\n\n<p>h) Procesador<br\/>El responsable del tratamiento es una persona f\u00edsica o jur\u00eddica, una autoridad p\u00fablica, un organismo o cualquier otro organismo que trate datos personales por cuenta del responsable del tratamiento.<\/p>\n\n<p>i) Destinatario<br\/>El destinatario es una persona f\u00edsica o jur\u00eddica, una autoridad p\u00fablica, un organismo o cualquier otro organismo al que se comuniquen los<\/p>\n\n<p>datos personales, ya sea un tercero o no. No obstante, las autoridades p\u00fablicas que puedan recibir datos personales en el marco de una investigaci\u00f3n particular de conformidad con la legislaci\u00f3n de la Uni\u00f3n o de los Estados miembros no se considerar\u00e1n destinatarios; el tratamiento de estos datos por parte de dichas autoridades p\u00fablicas se ajustar\u00e1 a las normas de protecci\u00f3n de datos aplicables en funci\u00f3n de los fines del tratamiento.<\/p>\n\n<p>j) Terceros<br\/>Tercero es una persona f\u00edsica o jur\u00eddica, autoridad p\u00fablica, organismo u organismo distinto del interesado, responsable del tratamiento, del encargado del tratamiento y de las personas que, bajo la autoridad directa del responsable del tratamiento, est\u00e1n autorizadas a tratar datos personales.<\/p>\n\n<p>k) Consentimiento<br\/>El consentimiento del interesado es cualquier indicaci\u00f3n libre, espec\u00edfica, informada e inequ\u00edvoca de su voluntad por la que, mediante una declaraci\u00f3n o una acci\u00f3n afirmativa clara, se manifieste su acuerdo con el tratamiento de los datos personales que le conciernen.<\/p>\n\n<p><strong>Recogida y uso de datos personales<\/strong><\/p>\n\n<p>S\u00f3lo recogemos y procesamos los datos personales (p. ej. nombre, direcci\u00f3n, correo electr\u00f3nico) que nos proporciona en el momento del registro, cuando realiza un pedido de productos o servicios, o cuando realiza consultas, y s\u00f3lo en la medida en que sea necesario para justificar, establecer el contenido de la relaci\u00f3n jur\u00eddica o cambiar la relaci\u00f3n jur\u00eddica. Una vez firmado el contrato, sus datos ser\u00e1n eliminados en relaci\u00f3n con las obligaciones legales de custodia, siempre y cuando usted no haya aceptado expresamente el uso posterior de estos datos. Nosotros, y las personas encargadas por nosotros, no transmitiremos sus datos personales a terceros sin su consentimiento o sin una orden oficial pertinente.<\/p>\n\n<p>Controller\u2019s contact details<br\/>Cuando se registra para crear una nueva cuenta de cliente, los datos que introduzca se almacenar\u00e1n permanentemente en nuestra base de datos. Usted puede solicitar que sus datos y su perfil\/cuenta sean eliminados en cualquier momento.<\/p>\n\n<p>Per\u00edodo de almacenamiento<\/p>\n\n<p>S\u00f3lo procesamos y almacenamos sus datos durante el tiempo necesario para su procesamiento o para cumplir con las obligaciones legales. Sus datos ser\u00e1n bloqueados o borrados despu\u00e9s de que la finalidad del tratamiento haya dejado de aplicarse. Si, adem\u00e1s, existen obligaciones legales de almacenamiento, bloquearemos o borraremos sus datos al final de los per\u00edodos legales de almacenamiento.<\/p>\n","protected":false},"excerpt":{"rendered":"<p>\u2714 Aviso de privacidad \u200b Informaci\u00f3n de car\u00e1cter general Este sitio web es operado por BODEGAS FORCADA S.L.. En este Aviso de Privacidad usted encontrar\u00e1 informaci\u00f3n sobre el manejo de sus datos personales cuando visite el sitio web de BODEGAS FORCADA S.L.. Definiciones La declaraci\u00f3n de protecci\u00f3n de datos del BODEGAS FORCADA S.L. se basa&hellip;<\/p>\n","protected":false},"author":1,"featured_media":0,"parent":0,"menu_order":15,"comment_status":"closed","ping_status":"open","template":"","meta":{"_acf_changed":false,"footnotes":""},"class_list":["post-514","page","type-page","status-publish","hentry"],"acf":[],"_links":{"self":[{"href":"https:\/\/bodegasforcada.com\/en\/wp-json\/wp\/v2\/pages\/514","targetHints":{"allow":["GET"]}}],"collection":[{"href":"https:\/\/bodegasforcada.com\/en\/wp-json\/wp\/v2\/pages"}],"about":[{"href":"https:\/\/bodegasforcada.com\/en\/wp-json\/wp\/v2\/types\/page"}],"author":[{"embeddable":true,"href":"https:\/\/bodegasforcada.com\/en\/wp-json\/wp\/v2\/users\/1"}],"replies":[{"embeddable":true,"href":"https:\/\/bodegasforcada.com\/en\/wp-json\/wp\/v2\/comments?post=514"}],"version-history":[{"count":1,"href":"https:\/\/bodegasforcada.com\/en\/wp-json\/wp\/v2\/pages\/514\/revisions"}],"predecessor-version":[{"id":515,"href":"https:\/\/bodegasforcada.com\/en\/wp-json\/wp\/v2\/pages\/514\/revisions\/515"}],"wp:attachment":[{"href":"https:\/\/bodegasforcada.com\/en\/wp-json\/wp\/v2\/media?parent=514"}],"curies":[{"name":"wp","href":"https:\/\/api.w.org\/{rel}","templated":true}]}}